{"id":2826,"date":"2025-12-02T17:58:53","date_gmt":"2025-12-02T17:58:53","guid":{"rendered":"https:\/\/snukerioakademija.lt\/?page_id=2826"},"modified":"2025-12-04T11:27:39","modified_gmt":"2025-12-04T11:27:39","slug":"pristatymas-ir-grazinimas","status":"publish","type":"page","link":"https:\/\/snukerioakademija.lt\/en\/pristatymas-ir-grazinimas\/","title":{"rendered":"Delivery &amp; Returns"},"content":{"rendered":"<div data-elementor-type=\"wp-page\" data-elementor-id=\"2826\" class=\"elementor elementor-2826\" data-elementor-post-type=\"page\">\n\t\t\t\t<div class=\"elementor-element elementor-element-2b7056f e-flex e-con-boxed wpr-particle-no wpr-jarallax-no wpr-parallax-no wpr-sticky-section-no wpr-equal-height-no e-con e-parent\" data-id=\"2b7056f\" data-element_type=\"container\" data-e-type=\"container\">\n\t\t\t\t\t<div class=\"e-con-inner\">\n\t\t\t\t<div class=\"elementor-element elementor-element-be22769 elementor-widget elementor-widget-heading\" data-id=\"be22769\" data-element_type=\"widget\" data-e-type=\"widget\" data-widget_type=\"heading.default\">\n\t\t\t\t\t<h2 class=\"elementor-heading-title elementor-size-default\">Delivery &amp; Returns<\/h2>\t\t\t\t<\/div>\n\t\t\t\t\t<\/div>\n\t\t\t\t<\/div>\n\t\t<div class=\"elementor-element elementor-element-39fb121 e-flex e-con-boxed wpr-particle-no wpr-jarallax-no wpr-parallax-no wpr-sticky-section-no wpr-equal-height-no e-con e-parent\" data-id=\"39fb121\" data-element_type=\"container\" data-e-type=\"container\" data-settings=\"{&quot;background_background&quot;:&quot;classic&quot;}\">\n\t\t\t\t\t<div class=\"e-con-inner\">\n\t\t\t\t<div class=\"elementor-element elementor-element-a031911 e-n-tabs-mobile elementor-widget elementor-widget-n-tabs\" data-id=\"a031911\" data-element_type=\"widget\" data-e-type=\"widget\" data-settings=\"{&quot;horizontal_scroll_mobile&quot;:&quot;disable&quot;,&quot;horizontal_scroll&quot;:&quot;disable&quot;}\" data-widget_type=\"nested-tabs.default\">\n\t\t\t\t\t\t\t<div class=\"e-n-tabs\" data-widget-number=\"167975185\" aria-label=\"Tabs. Open items with Enter or Space, close with Escape and navigate using the Arrow keys.\">\n\t\t\t<div class=\"e-n-tabs-heading\" role=\"tablist\">\n\t\t\t\t\t<button id=\"e-n-tab-title-1679751851\" data-tab-title-id=\"e-n-tab-title-1679751851\" class=\"e-n-tab-title\" aria-selected=\"true\" data-tab-index=\"1\" role=\"tab\" tabindex=\"0\" aria-controls=\"e-n-tab-content-1679751851\" style=\"--n-tabs-title-order: 1;\">\n\t\t\t\t\t\t<span class=\"e-n-tab-title-text\">\n\t\t\t\tDELIVERY\t\t\t<\/span>\n\t\t<\/button>\n\t\t\t\t<button id=\"e-n-tab-title-1679751852\" data-tab-title-id=\"e-n-tab-title-1679751852\" class=\"e-n-tab-title\" aria-selected=\"false\" data-tab-index=\"2\" role=\"tab\" tabindex=\"-1\" aria-controls=\"e-n-tab-content-1679751852\" style=\"--n-tabs-title-order: 2;\">\n\t\t\t\t\t\t<span class=\"e-n-tab-title-text\">\n\t\t\t\tPAYMENTS\t\t\t<\/span>\n\t\t<\/button>\n\t\t\t\t<button id=\"e-n-tab-title-1679751853\" data-tab-title-id=\"e-n-tab-title-1679751853\" class=\"e-n-tab-title\" aria-selected=\"false\" data-tab-index=\"3\" role=\"tab\" tabindex=\"-1\" aria-controls=\"e-n-tab-content-1679751853\" style=\"--n-tabs-title-order: 3;\">\n\t\t\t\t\t\t<span class=\"e-n-tab-title-text\">\n\t\t\t\tRETURNS\t\t\t<\/span>\n\t\t<\/button>\n\t\t\t\t\t<\/div>\n\t\t\t<div class=\"e-n-tabs-content\">\n\t\t\t\t<div id=\"e-n-tab-content-1679751851\" role=\"tabpanel\" aria-labelledby=\"e-n-tab-title-1679751851\" data-tab-index=\"1\" style=\"--n-tabs-title-order: 1;\" class=\"e-active elementor-element elementor-element-6889609 e-con-full e-flex wpr-particle-no wpr-jarallax-no wpr-parallax-no wpr-sticky-section-no wpr-equal-height-no e-con e-child\" data-id=\"6889609\" data-element_type=\"container\" data-e-type=\"container\">\n\t\t\t\t<div class=\"elementor-element elementor-element-344ece6 elementor-widget elementor-widget-text-editor\" data-id=\"344ece6\" data-element_type=\"widget\" data-e-type=\"widget\" data-widget_type=\"text-editor.default\">\n\t\t\t\t\t\t\t\t\t<p>Thank you for choosing our products! By purchasing items from the Snooker Academy\u2019s online store, you support the promotion of snooker in Lithuania.<\/p><p>All items ordered in the online store are shipped to the address you provide via Omniva parcel terminals or Lithuanian Post registered mail.<\/p><p><span style=\"color: #259e0c;\"><strong>Delivery prices:<\/strong><\/span><\/p><p><span style=\"color: #259e0c;\">\u25c9 <\/span>Omniva parcel delivery \u2013 \u20ac3<\/p><p><span style=\"color: #259e0c;\">\u25c9<\/span> Lithuanian Post delivery \u2013 \u20ac4<\/p><p><span style=\"color: #259e0c;\">\u25c9 <\/span>Delivery to EU countries via Lithuanian Post \u2013 \u20ac8<\/p><p><span style=\"color: #259e0c;\">\u25c9<\/span> Delivery to other countries via Lithuanian Post \u2013 \u20ac10<\/p><p><span style=\"color: #000000;\">We do not ship to Russia or Belarus.<\/span><\/p>\t\t\t\t\t\t\t\t<\/div>\n\t\t\t\t<\/div>\n\t\t<div id=\"e-n-tab-content-1679751852\" role=\"tabpanel\" aria-labelledby=\"e-n-tab-title-1679751852\" data-tab-index=\"2\" style=\"--n-tabs-title-order: 2;\" class=\"elementor-element elementor-element-98f0b8a e-con-full e-flex wpr-particle-no wpr-jarallax-no wpr-parallax-no wpr-sticky-section-no wpr-equal-height-no e-con e-child\" data-id=\"98f0b8a\" data-element_type=\"container\" data-e-type=\"container\">\n\t\t\t\t<div class=\"elementor-element elementor-element-05343e0 elementor-widget elementor-widget-text-editor\" data-id=\"05343e0\" data-element_type=\"widget\" data-e-type=\"widget\" data-widget_type=\"text-editor.default\">\n\t\t\t\t\t\t\t\t\t<p>We accept payments via Swedbank, SEB, Luminor, Citadele, and \u0160iauli\u0173 Bank electronic banking, as well as Visa \/ MasterCard payment cards. All payments are made in euros.<\/p><p>Payments are processed using the MakeCommerce.lt payment platform.<\/p><p>You can also pay using Google Pay or Apple Pay.<\/p>\t\t\t\t\t\t\t\t<\/div>\n\t\t\t\t<\/div>\n\t\t<div id=\"e-n-tab-content-1679751853\" role=\"tabpanel\" aria-labelledby=\"e-n-tab-title-1679751853\" data-tab-index=\"3\" style=\"--n-tabs-title-order: 3;\" class=\"elementor-element elementor-element-3fec819 e-con-full e-flex wpr-particle-no wpr-jarallax-no wpr-parallax-no wpr-sticky-section-no wpr-equal-height-no e-con e-child\" data-id=\"3fec819\" data-element_type=\"container\" data-e-type=\"container\">\n\t\t\t\t<div class=\"elementor-element elementor-element-b13920e elementor-widget elementor-widget-text-editor\" data-id=\"b13920e\" data-element_type=\"widget\" data-e-type=\"widget\" data-widget_type=\"text-editor.default\">\n\t\t\t\t\t\t\t\t\t<p>Our goal is to ensure that our products are high-quality and bring joy to every customer, but we understand that sometimes a return may be necessary.<\/p><p>All items are covered by a 14-day return guarantee. If you wish to return a product, please contact us at [info@snukerioakademija.lt](mailto:info@snukerioakademija.lt) \u2014 we will provide all the necessary information about the return process. You can find more details in our<span style=\"color: #259e0c;\"> <a style=\"color: #259e0c;\" href=\"https:\/\/snukerioakademija.lt\/en\/taisykles\/\"><strong><u>terms and conditions.<\/u><\/strong><\/a><\/span><\/p>\t\t\t\t\t\t\t\t<\/div>\n\t\t\t\t<\/div>\n\t\t\t\t\t<\/div>\n\t\t<\/div>\n\t\t\t\t\t\t<\/div>\n\t\t\t\t\t<\/div>\n\t\t\t\t<\/div>\n\t\t\t\t<\/div>","protected":false},"excerpt":{"rendered":"<p>Pristatymas ir gr\u0105\u017einimas PRISTATYMAS APMOK\u0116JIMAS GR\u0104\u017dINIMAS A\u010di\u016b, kad renkat\u0117s m\u016bs\u0173 produktus! \u012esigydami prekes V\u0161\u012e Snukerio akademijos el. parduotuv\u0117je, prisidedate prie snukerio sporto populiarinimo Lietuvoje. Visas el. parduotuv\u0117je u\u017esakytas prekes siun\u010diame J\u016bs\u0173 nurodytu adresu per Omniva pa\u0161tomatus arba Lietuvos pa\u0161to registruot\u0105 pa\u0161t\u0105. Pristatymo kainos: \u25c9 Siuntos per Omniva &#8211; 3 \u20ac \u25c9 Siuntos per Lietuvos pa\u0161t\u0105 &#8211; 4 \u20ac \u25c9 Pristatymas \u012f ES \u0161alis per Lietuvos pa\u0161t\u0105 &#8211; 8 \u20ac \u25c9 Pristatymas \u012f kitas \u0161alis per Lietuvos pa\u0161t\u0105 &#8211; 10 \u20ac Preki\u0173 nesiun\u010diame \u012f Rusij\u0105 ir Baltarusij\u0105. Apmok\u0117jimus priimame per Swedbank, SEB, Luminor, Citadele ir \u0160iauli\u0173 banko elektronin\u0119 bankininkyst\u0119, taip pat Visa \/ MasterCard mok\u0117jimo kortel\u0117mis. Atsiskaitymai vykdomi eurais. Mok\u0117jimai apdorojami naudojantis MakeCommerce.lt mok\u0117jim\u0173 platforma. Taip pat galite atsiskaityti Google Pay arba Apple Pay mok\u0117jimo sistemomis Turime tiksl\u0105, kad m\u016bs\u0173 prek\u0117s b\u016bt\u0173 kokybi\u0161kos ir d\u017eiugint\u0173 kiekvien\u0105 pirk\u0117j\u0105, ta\u010diau suprantame, kad kartais gali prireikti prek\u0119 gr\u0105\u017einti. Visoms prek\u0117ms taikoma 14 dien\u0173 gr\u0105\u017einimo garantija. Jei norite gr\u0105\u017einti prek\u0119, pra\u0161ome kreiptis el. pa\u0161tu info@snukerioakademija.lt \u2013 suteiksime vis\u0105 reikiam\u0105 informacij\u0105 apie gr\u0105\u017einimo proces\u0105. Daugiau informacijos rasite m\u016bs\u0173 pirkimo taisykl\u0117se. A\u010di\u016b, kad renkat\u0117s m\u016bs\u0173 produktus! \u012esigydami prekes V\u0161\u012e Snukerio akademijos el. parduotuv\u0117je, prisidedate prie snukerio sporto populiarinimo Lietuvoje. Visas el. parduotuv\u0117je u\u017esakytas prekes siun\u010diame J\u016bs\u0173 nurodytu adresu per Omniva pa\u0161tomatus arba Lietuvos pa\u0161to registruot\u0105 pa\u0161t\u0105. Pristatymo kainos: \u25c9 Siuntos per Omniva &#8211; 3 \u20ac \u25c9 Siuntos per Lietuvos pa\u0161t\u0105 &#8211; 4 \u20ac \u25c9 Pristatymas \u012f ES \u0161alis per Lietuvos pa\u0161t\u0105 &#8211; 8 \u20ac \u25c9 Pristatymas \u012f kitas \u0161alis per Lietuvos pa\u0161t\u0105 &#8211; 10 \u20ac Preki\u0173 nesiun\u010diame \u012f Rusij\u0105 ir Baltarusij\u0105. Apmok\u0117jimus priimame per Swedbank, SEB, Luminor, Citadele ir \u0160iauli\u0173 banko elektronin\u0119 bankininkyst\u0119, taip pat Visa \/ MasterCard mok\u0117jimo kortel\u0117mis. Atsiskaitymai vykdomi eurais. Mok\u0117jimai apdorojami naudojantis MakeCommerce.lt mok\u0117jim\u0173 platforma. Taip pat galite atsiskaityti Google Pay arba Apple Pay mok\u0117jimo sistemomis Turime tiksl\u0105, kad m\u016bs\u0173 prek\u0117s b\u016bt\u0173 kokybi\u0161kos ir d\u017eiugint\u0173 kiekvien\u0105 pirk\u0117j\u0105, ta\u010diau suprantame, kad kartais gali prireikti prek\u0119 gr\u0105\u017einti. Visoms prek\u0117ms taikoma 14 dien\u0173 gr\u0105\u017einimo garantija. Jei norite gr\u0105\u017einti prek\u0119, pra\u0161ome kreiptis el. pa\u0161tu info@snukerioakademija.lt \u2013 suteiksime vis\u0105 reikiam\u0105 informacij\u0105 apie gr\u0105\u017einimo proces\u0105. Daugiau informacijos rasite m\u016bs\u0173 pirkimo taisykl\u0117se.<\/p>","protected":false},"author":2,"featured_media":0,"parent":0,"menu_order":0,"comment_status":"closed","ping_status":"closed","template":"elementor_canvas","meta":{"footnotes":""},"class_list":["post-2826","page","type-page","status-publish","hentry"],"aioseo_notices":[],"_links":{"self":[{"href":"https:\/\/snukerioakademija.lt\/en\/wp-json\/wp\/v2\/pages\/2826","targetHints":{"allow":["GET"]}}],"collection":[{"href":"https:\/\/snukerioakademija.lt\/en\/wp-json\/wp\/v2\/pages"}],"about":[{"href":"https:\/\/snukerioakademija.lt\/en\/wp-json\/wp\/v2\/types\/page"}],"author":[{"embeddable":true,"href":"https:\/\/snukerioakademija.lt\/en\/wp-json\/wp\/v2\/users\/2"}],"replies":[{"embeddable":true,"href":"https:\/\/snukerioakademija.lt\/en\/wp-json\/wp\/v2\/comments?post=2826"}],"version-history":[{"count":46,"href":"https:\/\/snukerioakademija.lt\/en\/wp-json\/wp\/v2\/pages\/2826\/revisions"}],"predecessor-version":[{"id":2946,"href":"https:\/\/snukerioakademija.lt\/en\/wp-json\/wp\/v2\/pages\/2826\/revisions\/2946"}],"wp:attachment":[{"href":"https:\/\/snukerioakademija.lt\/en\/wp-json\/wp\/v2\/media?parent=2826"}],"curies":[{"name":"wp","href":"https:\/\/api.w.org\/{rel}","templated":true}]}}