{"id":1698,"date":"2025-11-23T19:41:44","date_gmt":"2025-11-23T19:41:44","guid":{"rendered":"https:\/\/snukerioakademija.lt\/?page_id=1698"},"modified":"2025-12-01T23:38:55","modified_gmt":"2025-12-01T23:38:55","slug":"turnyrai","status":"publish","type":"page","link":"https:\/\/snukerioakademija.lt\/en\/turnyrai\/","title":{"rendered":"Tournaments"},"content":{"rendered":"<div data-elementor-type=\"wp-page\" data-elementor-id=\"1698\" class=\"elementor elementor-1698\" data-elementor-post-type=\"page\">\n\t\t\t\t\t\t<section class=\"elementor-section elementor-top-section elementor-element elementor-element-0944f67 elementor-section-height-min-height elementor-section-boxed elementor-section-height-default elementor-section-items-middle wpr-particle-no wpr-jarallax-no wpr-parallax-no wpr-sticky-section-no wpr-equal-height-no\" data-id=\"0944f67\" data-element_type=\"section\" data-e-type=\"section\" data-settings=\"{&quot;background_background&quot;:&quot;classic&quot;,&quot;shape_divider_bottom&quot;:&quot;tilt&quot;}\">\n\t\t\t\t\t\t\t<div class=\"elementor-background-overlay\"><\/div>\n\t\t\t\t\t\t<div class=\"elementor-shape elementor-shape-bottom\" aria-hidden=\"true\" data-negative=\"false\">\n\t\t\t<svg xmlns=\"http:\/\/www.w3.org\/2000\/svg\" viewbox=\"0 0 1000 100\" preserveaspectratio=\"none\">\n\t<path class=\"elementor-shape-fill\" d=\"M0,6V0h1000v100L0,6z\"\/>\n<\/svg>\t\t<\/div>\n\t\t\t\t\t<div class=\"elementor-container elementor-column-gap-default\">\n\t\t\t\t\t<div class=\"elementor-column elementor-col-100 elementor-top-column elementor-element elementor-element-2bd52f6\" data-id=\"2bd52f6\" data-element_type=\"column\" data-e-type=\"column\">\n\t\t\t<div class=\"elementor-widget-wrap elementor-element-populated\">\n\t\t\t\t\t\t<div class=\"elementor-element elementor-element-ffd4b3b elementor-widget elementor-widget-heading\" data-id=\"ffd4b3b\" data-element_type=\"widget\" data-e-type=\"widget\" data-widget_type=\"heading.default\">\n\t\t\t\t\t<h2 class=\"elementor-heading-title elementor-size-default\">Tournaments<\/h2>\t\t\t\t<\/div>\n\t\t\t\t\t<\/div>\n\t\t<\/div>\n\t\t\t\t\t<\/div>\n\t\t<\/section>\n\t\t\t\t<section class=\"elementor-section elementor-top-section elementor-element elementor-element-7245c80 elementor-section-boxed elementor-section-height-default elementor-section-height-default wpr-particle-no wpr-jarallax-no wpr-parallax-no wpr-sticky-section-no wpr-equal-height-no elementor-invisible\" data-id=\"7245c80\" data-element_type=\"section\" data-e-type=\"section\" data-settings=\"{&quot;animation&quot;:&quot;fadeIn&quot;}\">\n\t\t\t\t\t\t<div class=\"elementor-container elementor-column-gap-default\">\n\t\t\t\t\t<div class=\"elementor-column elementor-col-50 elementor-top-column elementor-element elementor-element-b6e7a0b\" data-id=\"b6e7a0b\" data-element_type=\"column\" data-e-type=\"column\">\n\t\t\t<div class=\"elementor-widget-wrap elementor-element-populated\">\n\t\t\t\t\t\t<div class=\"elementor-element elementor-element-7f0431c elementor-widget elementor-widget-image\" data-id=\"7f0431c\" data-element_type=\"widget\" data-e-type=\"widget\" data-widget_type=\"image.default\">\n\t\t\t\t\t\t\t\t\t\t\t\t\t\t\t<img fetchpriority=\"high\" decoding=\"async\" width=\"1080\" height=\"1080\" src=\"https:\/\/snukerioakademija.lt\/wp-content\/uploads\/2025\/11\/snukerio-akademijos-taure.png\" class=\"attachment-full size-full wp-image-1701\" alt=\"\" srcset=\"https:\/\/snukerioakademija.lt\/wp-content\/uploads\/2025\/11\/snukerio-akademijos-taure.png 1080w, https:\/\/snukerioakademija.lt\/wp-content\/uploads\/2025\/11\/snukerio-akademijos-taure-300x300.png 300w, https:\/\/snukerioakademija.lt\/wp-content\/uploads\/2025\/11\/snukerio-akademijos-taure-100x100.png 100w, https:\/\/snukerioakademija.lt\/wp-content\/uploads\/2025\/11\/snukerio-akademijos-taure-600x600.png 600w, https:\/\/snukerioakademija.lt\/wp-content\/uploads\/2025\/11\/snukerio-akademijos-taure-1024x1024.png 1024w, https:\/\/snukerioakademija.lt\/wp-content\/uploads\/2025\/11\/snukerio-akademijos-taure-150x150.png 150w, https:\/\/snukerioakademija.lt\/wp-content\/uploads\/2025\/11\/snukerio-akademijos-taure-768x768.png 768w\" sizes=\"(max-width: 1080px) 100vw, 1080px\" \/>\t\t\t\t\t\t\t\t\t\t\t\t\t\t\t<\/div>\n\t\t\t\t<div class=\"elementor-element elementor-element-575f7b5 elementor-hidden-mobile elementor-widget elementor-widget-text-editor\" data-id=\"575f7b5\" data-element_type=\"widget\" data-e-type=\"widget\" data-widget_type=\"text-editor.default\">\n\t\t\t\t\t\t\t\t\t<p>Each year, the Snooker Academy organizes four tournaments for its trainees: \u201cHandicap,\u201d the unique \u201cRespoted Black,\u201d the \u201cSummer Cup,\u201d and the season-ending \u201cChristmas Cup.\u201d<\/p><p>The Academy also has its own ranking tournament within the Lithuanian Billiards Federation events \u2014 the \u201cSnooker Academy Cup.\u201d<\/p>\t\t\t\t\t\t\t\t<\/div>\n\t\t\t\t<div class=\"elementor-element elementor-element-7a63414 elementor-hidden-desktop elementor-hidden-laptop elementor-hidden-tablet elementor-widget elementor-widget-text-editor\" data-id=\"7a63414\" data-element_type=\"widget\" data-e-type=\"widget\" data-widget_type=\"text-editor.default\">\n\t\t\t\t\t\t\t\t\t<p>Each year, the Snooker Academy organizes four tournaments for its trainees: \u201cHandicap,\u201d the unique \u201cRespoted Black,\u201d the \u201cSummer Cup,\u201d and the season-ending \u201cChristmas Cup.\u201d<\/p><p>The Academy also has its own ranking tournament within the Lithuanian Billiards Federation events<\/p>\t\t\t\t\t\t\t\t<\/div>\n\t\t\t\t<div class=\"elementor-element elementor-element-7f85e17 elementor-hidden-desktop elementor-hidden-laptop elementor-hidden-tablet elementor-widget elementor-widget-text-editor\" data-id=\"7f85e17\" data-element_type=\"widget\" data-e-type=\"widget\" data-widget_type=\"text-editor.default\">\n\t\t\t\t\t\t\t\t\t<p>\u201cSnooker Academy Cup.\u201d<\/p>\t\t\t\t\t\t\t\t<\/div>\n\t\t\t\t\t<\/div>\n\t\t<\/div>\n\t\t\t\t<div class=\"elementor-column elementor-col-50 elementor-top-column elementor-element elementor-element-42a4e8d\" data-id=\"42a4e8d\" data-element_type=\"column\" data-e-type=\"column\" data-settings=\"{&quot;background_background&quot;:&quot;classic&quot;}\">\n\t\t\t<div class=\"elementor-widget-wrap elementor-element-populated\">\n\t\t\t\t\t\t<div class=\"elementor-element elementor-element-b112c25 elementor-widget elementor-widget-image\" data-id=\"b112c25\" data-element_type=\"widget\" data-e-type=\"widget\" data-widget_type=\"image.default\">\n\t\t\t\t\t\t\t\t\t\t\t\t\t\t\t<img decoding=\"async\" width=\"2048\" height=\"1366\" src=\"https:\/\/snukerioakademija.lt\/wp-content\/uploads\/2025\/11\/snukerio_akademija_kaledinis_turnyras_2022-scaled-1.webp\" class=\"attachment-full size-full wp-image-1700\" alt=\"\" srcset=\"https:\/\/snukerioakademija.lt\/wp-content\/uploads\/2025\/11\/snukerio_akademija_kaledinis_turnyras_2022-scaled-1.webp 2048w, https:\/\/snukerioakademija.lt\/wp-content\/uploads\/2025\/11\/snukerio_akademija_kaledinis_turnyras_2022-scaled-1-600x400.webp 600w, https:\/\/snukerioakademija.lt\/wp-content\/uploads\/2025\/11\/snukerio_akademija_kaledinis_turnyras_2022-scaled-1-300x200.webp 300w, https:\/\/snukerioakademija.lt\/wp-content\/uploads\/2025\/11\/snukerio_akademija_kaledinis_turnyras_2022-scaled-1-1024x683.webp 1024w, https:\/\/snukerioakademija.lt\/wp-content\/uploads\/2025\/11\/snukerio_akademija_kaledinis_turnyras_2022-scaled-1-768x512.webp 768w, https:\/\/snukerioakademija.lt\/wp-content\/uploads\/2025\/11\/snukerio_akademija_kaledinis_turnyras_2022-scaled-1-1536x1025.webp 1536w\" sizes=\"(max-width: 2048px) 100vw, 2048px\" \/>\t\t\t\t\t\t\t\t\t\t\t\t\t\t\t<\/div>\n\t\t\t\t\t<\/div>\n\t\t<\/div>\n\t\t\t\t\t<\/div>\n\t\t<\/section>\n\t\t\t\t<\/div>","protected":false},"excerpt":{"rendered":"<p>Turnyrai Snukerio Akademija per metus savo aukl\u0117tiniams organizuoja keturis turnyrus: \u201eHandicap\u201c, unikal\u0173j\u012f \u201eRespoted Black\u201c, \u201eVasaros Taur\u0117\u201d ir sezon\u0105 vainikuojant\u012f turnyr\u0105 \u201eKal\u0117din\u0117 Taur\u0117\u201c. Taip pat, Akademija Lietuvos Biliardo Federacijos turnyr\u0173 tarpe, turi savo vardo reitingin\u012f turnyr\u0105 \u201eSnukerio Akademijos Taur\u0117\u201c. Snukerio Akademija per metus savo aukl\u0117tiniams organizuoja keturis turnyrus: \u201eHandicap\u201c, unikal\u0173j\u012f \u201eRespoted Black\u201c, \u201eVasaros Taur\u0117\u201d ir sezon\u0105 vainikuojant\u012f turnyr\u0105 \u201eKal\u0117din\u0117 Taur\u0117\u201c. Taip pat, Akademija Lietuvos Biliardo Federacijos turnyr\u0173 tarpe, turi savo vardo reitingin\u012f turnyr\u0105 \u201eSnukerio Akademijos Taur\u0117\u201c.<\/p>","protected":false},"author":2,"featured_media":0,"parent":0,"menu_order":0,"comment_status":"closed","ping_status":"closed","template":"elementor_canvas","meta":{"footnotes":""},"class_list":["post-1698","page","type-page","status-publish","hentry"],"aioseo_notices":[],"_links":{"self":[{"href":"https:\/\/snukerioakademija.lt\/en\/wp-json\/wp\/v2\/pages\/1698","targetHints":{"allow":["GET"]}}],"collection":[{"href":"https:\/\/snukerioakademija.lt\/en\/wp-json\/wp\/v2\/pages"}],"about":[{"href":"https:\/\/snukerioakademija.lt\/en\/wp-json\/wp\/v2\/types\/page"}],"author":[{"embeddable":true,"href":"https:\/\/snukerioakademija.lt\/en\/wp-json\/wp\/v2\/users\/2"}],"replies":[{"embeddable":true,"href":"https:\/\/snukerioakademija.lt\/en\/wp-json\/wp\/v2\/comments?post=1698"}],"version-history":[{"count":43,"href":"https:\/\/snukerioakademija.lt\/en\/wp-json\/wp\/v2\/pages\/1698\/revisions"}],"predecessor-version":[{"id":2805,"href":"https:\/\/snukerioakademija.lt\/en\/wp-json\/wp\/v2\/pages\/1698\/revisions\/2805"}],"wp:attachment":[{"href":"https:\/\/snukerioakademija.lt\/en\/wp-json\/wp\/v2\/media?parent=1698"}],"curies":[{"name":"wp","href":"https:\/\/api.w.org\/{rel}","templated":true}]}}